{"id":329,"date":"2016-03-11T11:57:17","date_gmt":"2016-03-11T10:57:17","guid":{"rendered":"http:\/\/www.cirkelbrug.nl\/?page_id=329"},"modified":"2016-04-04T15:37:12","modified_gmt":"2016-04-04T14:37:12","slug":"cirkelbroen-dansk","status":"publish","type":"page","link":"https:\/\/www.cirkelbrug.nl\/index.php\/concept\/cirkelbroen-dansk\/","title":{"rendered":"Cirkelbroen &#8211; Dansk"},"content":{"rendered":"<div  class=\"vc_row wpb_row vc_row-fluid\">\n\t<div class=\"vc_col-sm-12 wpb_column vc_column_container \">\n\t\t<div class=\"wpb_wrapper\">\n\t\t\t\n\t<div class=\"wpb_gallery wpb_content_element vc_clearfix\">\n\t\t<div class=\"wpb_wrapper\"><div class=\"wpb_gallery_slides wpb_flexslider flexslider_slide flexslider\" data-interval=\"5\" data-flex_fx=\"slide\"><ul class=\"slides\"><li><a class=\"prettyphoto\" href=\"https:\/\/www.cirkelbrug.nl\/wp-content\/uploads\/2015\/11\/Schip-8-1200x636.png\" rel=\"prettyPhoto[rel-329-342315838]\"><img width=\"1200\" height=\"636\" src=\"https:\/\/www.cirkelbrug.nl\/wp-content\/uploads\/2015\/11\/Schip-8-1200x636.png\" class=\"attachment-large\" alt=\"\" loading=\"lazy\" srcset=\"https:\/\/www.cirkelbrug.nl\/wp-content\/uploads\/2015\/11\/Schip-8-1200x636.png 1200w, https:\/\/www.cirkelbrug.nl\/wp-content\/uploads\/2015\/11\/Schip-8-420x223.png 420w, https:\/\/www.cirkelbrug.nl\/wp-content\/uploads\/2015\/11\/Schip-8-744x394.png 744w, https:\/\/www.cirkelbrug.nl\/wp-content\/uploads\/2015\/11\/Schip-8.png 1364w\" sizes=\"(max-width: 1200px) 100vw, 1200px\" \/><\/a><\/li><li><a class=\"prettyphoto\" href=\"https:\/\/www.cirkelbrug.nl\/wp-content\/uploads\/2015\/11\/Cirkelbrug-animatie-temp-1-1200x636.png\" rel=\"prettyPhoto[rel-329-342315838]\"><img width=\"1200\" height=\"636\" src=\"https:\/\/www.cirkelbrug.nl\/wp-content\/uploads\/2015\/11\/Cirkelbrug-animatie-temp-1-1200x636.png\" class=\"attachment-large\" alt=\"\" loading=\"lazy\" srcset=\"https:\/\/www.cirkelbrug.nl\/wp-content\/uploads\/2015\/11\/Cirkelbrug-animatie-temp-1-1200x636.png 1200w, https:\/\/www.cirkelbrug.nl\/wp-content\/uploads\/2015\/11\/Cirkelbrug-animatie-temp-1-420x223.png 420w, https:\/\/www.cirkelbrug.nl\/wp-content\/uploads\/2015\/11\/Cirkelbrug-animatie-temp-1-744x394.png 744w, https:\/\/www.cirkelbrug.nl\/wp-content\/uploads\/2015\/11\/Cirkelbrug-animatie-temp-1.png 1364w\" sizes=\"(max-width: 1200px) 100vw, 1200px\" \/><\/a><\/li><li><a class=\"prettyphoto\" href=\"https:\/\/www.cirkelbrug.nl\/wp-content\/uploads\/2015\/11\/Schip-5-1200x636.png\" rel=\"prettyPhoto[rel-329-342315838]\"><img width=\"1200\" height=\"636\" src=\"https:\/\/www.cirkelbrug.nl\/wp-content\/uploads\/2015\/11\/Schip-5-1200x636.png\" class=\"attachment-large\" alt=\"\" loading=\"lazy\" srcset=\"https:\/\/www.cirkelbrug.nl\/wp-content\/uploads\/2015\/11\/Schip-5-1200x636.png 1200w, https:\/\/www.cirkelbrug.nl\/wp-content\/uploads\/2015\/11\/Schip-5-420x223.png 420w, https:\/\/www.cirkelbrug.nl\/wp-content\/uploads\/2015\/11\/Schip-5-744x394.png 744w, https:\/\/www.cirkelbrug.nl\/wp-content\/uploads\/2015\/11\/Schip-5.png 1364w\" sizes=\"(max-width: 1200px) 100vw, 1200px\" \/><\/a><\/li><li><a class=\"prettyphoto\" href=\"https:\/\/www.cirkelbrug.nl\/wp-content\/uploads\/2015\/11\/Schip-2-1200x636.png\" rel=\"prettyPhoto[rel-329-342315838]\"><img width=\"1200\" height=\"636\" src=\"https:\/\/www.cirkelbrug.nl\/wp-content\/uploads\/2015\/11\/Schip-2-1200x636.png\" class=\"attachment-large\" alt=\"\" loading=\"lazy\" srcset=\"https:\/\/www.cirkelbrug.nl\/wp-content\/uploads\/2015\/11\/Schip-2-1200x636.png 1200w, https:\/\/www.cirkelbrug.nl\/wp-content\/uploads\/2015\/11\/Schip-2-420x223.png 420w, https:\/\/www.cirkelbrug.nl\/wp-content\/uploads\/2015\/11\/Schip-2-744x394.png 744w, https:\/\/www.cirkelbrug.nl\/wp-content\/uploads\/2015\/11\/Schip-2.png 1364w\" sizes=\"(max-width: 1200px) 100vw, 1200px\" \/><\/a><\/li><li><a class=\"prettyphoto\" href=\"https:\/\/www.cirkelbrug.nl\/wp-content\/uploads\/2015\/11\/Cirkelbrug-animatie-temp-3-1200x636.png\" rel=\"prettyPhoto[rel-329-342315838]\"><img width=\"1200\" height=\"636\" src=\"https:\/\/www.cirkelbrug.nl\/wp-content\/uploads\/2015\/11\/Cirkelbrug-animatie-temp-3-1200x636.png\" class=\"attachment-large\" alt=\"\" loading=\"lazy\" srcset=\"https:\/\/www.cirkelbrug.nl\/wp-content\/uploads\/2015\/11\/Cirkelbrug-animatie-temp-3-1200x636.png 1200w, https:\/\/www.cirkelbrug.nl\/wp-content\/uploads\/2015\/11\/Cirkelbrug-animatie-temp-3-420x223.png 420w, https:\/\/www.cirkelbrug.nl\/wp-content\/uploads\/2015\/11\/Cirkelbrug-animatie-temp-3-744x394.png 744w, https:\/\/www.cirkelbrug.nl\/wp-content\/uploads\/2015\/11\/Cirkelbrug-animatie-temp-3.png 1364w\" sizes=\"(max-width: 1200px) 100vw, 1200px\" \/><\/a><\/li><li><a class=\"prettyphoto\" href=\"https:\/\/www.cirkelbrug.nl\/wp-content\/uploads\/2015\/11\/Schip-1-1200x636.png\" rel=\"prettyPhoto[rel-329-342315838]\"><img width=\"1200\" height=\"636\" src=\"https:\/\/www.cirkelbrug.nl\/wp-content\/uploads\/2015\/11\/Schip-1-1200x636.png\" class=\"attachment-large\" alt=\"\" loading=\"lazy\" srcset=\"https:\/\/www.cirkelbrug.nl\/wp-content\/uploads\/2015\/11\/Schip-1-1200x636.png 1200w, https:\/\/www.cirkelbrug.nl\/wp-content\/uploads\/2015\/11\/Schip-1-420x223.png 420w, https:\/\/www.cirkelbrug.nl\/wp-content\/uploads\/2015\/11\/Schip-1-744x394.png 744w, https:\/\/www.cirkelbrug.nl\/wp-content\/uploads\/2015\/11\/Schip-1.png 1364w\" sizes=\"(max-width: 1200px) 100vw, 1200px\" \/><\/a><\/li><li><a class=\"prettyphoto\" href=\"https:\/\/www.cirkelbrug.nl\/wp-content\/uploads\/2015\/11\/Cirkelbrug-animatie-temp-5-1200x636.png\" rel=\"prettyPhoto[rel-329-342315838]\"><img width=\"1200\" height=\"636\" src=\"https:\/\/www.cirkelbrug.nl\/wp-content\/uploads\/2015\/11\/Cirkelbrug-animatie-temp-5-1200x636.png\" class=\"attachment-large\" alt=\"\" loading=\"lazy\" srcset=\"https:\/\/www.cirkelbrug.nl\/wp-content\/uploads\/2015\/11\/Cirkelbrug-animatie-temp-5-1200x636.png 1200w, https:\/\/www.cirkelbrug.nl\/wp-content\/uploads\/2015\/11\/Cirkelbrug-animatie-temp-5-420x223.png 420w, https:\/\/www.cirkelbrug.nl\/wp-content\/uploads\/2015\/11\/Cirkelbrug-animatie-temp-5-744x394.png 744w, https:\/\/www.cirkelbrug.nl\/wp-content\/uploads\/2015\/11\/Cirkelbrug-animatie-temp-5.png 1364w\" sizes=\"(max-width: 1200px) 100vw, 1200px\" \/><\/a><\/li><li><a class=\"prettyphoto\" href=\"https:\/\/www.cirkelbrug.nl\/wp-content\/uploads\/2015\/11\/cropped-11.png\" rel=\"prettyPhoto[rel-329-342315838]\"><img width=\"1121\" height=\"748\" src=\"https:\/\/www.cirkelbrug.nl\/wp-content\/uploads\/2015\/11\/cropped-11.png\" class=\"attachment-large\" alt=\"\" loading=\"lazy\" srcset=\"https:\/\/www.cirkelbrug.nl\/wp-content\/uploads\/2015\/11\/cropped-11.png 1121w, https:\/\/www.cirkelbrug.nl\/wp-content\/uploads\/2015\/11\/cropped-11-420x280.png 420w, https:\/\/www.cirkelbrug.nl\/wp-content\/uploads\/2015\/11\/cropped-11-744x496.png 744w\" sizes=\"(max-width: 1121px) 100vw, 1121px\" \/><\/a><\/li><li><a class=\"prettyphoto\" href=\"https:\/\/www.cirkelbrug.nl\/wp-content\/uploads\/2015\/11\/Cirkelbrug-animatie-temp-6-1200x636.png\" rel=\"prettyPhoto[rel-329-342315838]\"><img width=\"1200\" height=\"636\" src=\"https:\/\/www.cirkelbrug.nl\/wp-content\/uploads\/2015\/11\/Cirkelbrug-animatie-temp-6-1200x636.png\" class=\"attachment-large\" alt=\"\" loading=\"lazy\" srcset=\"https:\/\/www.cirkelbrug.nl\/wp-content\/uploads\/2015\/11\/Cirkelbrug-animatie-temp-6-1200x636.png 1200w, https:\/\/www.cirkelbrug.nl\/wp-content\/uploads\/2015\/11\/Cirkelbrug-animatie-temp-6-420x223.png 420w, https:\/\/www.cirkelbrug.nl\/wp-content\/uploads\/2015\/11\/Cirkelbrug-animatie-temp-6-744x394.png 744w, https:\/\/www.cirkelbrug.nl\/wp-content\/uploads\/2015\/11\/Cirkelbrug-animatie-temp-6.png 1364w\" sizes=\"(max-width: 1200px) 100vw, 1200px\" \/><\/a><\/li><li><a class=\"prettyphoto\" href=\"https:\/\/www.cirkelbrug.nl\/wp-content\/uploads\/2015\/11\/Cirkelbrug-animatie-temp-4-1200x636.png\" rel=\"prettyPhoto[rel-329-342315838]\"><img width=\"1200\" height=\"636\" src=\"https:\/\/www.cirkelbrug.nl\/wp-content\/uploads\/2015\/11\/Cirkelbrug-animatie-temp-4-1200x636.png\" class=\"attachment-large\" alt=\"\" loading=\"lazy\" srcset=\"https:\/\/www.cirkelbrug.nl\/wp-content\/uploads\/2015\/11\/Cirkelbrug-animatie-temp-4-1200x636.png 1200w, https:\/\/www.cirkelbrug.nl\/wp-content\/uploads\/2015\/11\/Cirkelbrug-animatie-temp-4-420x223.png 420w, https:\/\/www.cirkelbrug.nl\/wp-content\/uploads\/2015\/11\/Cirkelbrug-animatie-temp-4-744x394.png 744w, https:\/\/www.cirkelbrug.nl\/wp-content\/uploads\/2015\/11\/Cirkelbrug-animatie-temp-4.png 1364w\" sizes=\"(max-width: 1200px) 100vw, 1200px\" \/><\/a><\/li><\/ul><\/div>\n\t\t<\/div> \n\t<\/div> \n\t<div class=\"wpb_text_column wpb_content_element \">\n\t\t<div class=\"wpb_wrapper\">\n\t\t\t<p style=\"text-align: justify;\">En Cirkelbroen eller Cirkelbrug\u00a0g\u00f8r noget andre broer ikke.\u00a0 Ved et genialt design vejtrafikken giver mulighed for at altid komme til den anden side af en vand.\u00a0 Hvordan fungerer det pr\u00e6cist?<\/p>\n<p style=\"text-align: justify;\">En traditionel bev\u00e6gelig bro best\u00e5r af brod\u00e6kket, som -N\u00e5r med lukket to veje, der forbinder.\u00a0 Hvis et skib skal passere i trafikken stopper og \u00e5bner broen til brod\u00e6kket tilt , dias eller rotere .\u00a0 Den st\u00f8rste mangel af alle disse broer er, at de kun tillader passage af skibsfarten enten vejen.<\/p>\n\n\t\t<\/div> \n\t<\/div> \n\t<div class=\"wpb_single_image wpb_content_element vc_align_left\">\n\t\t<div class=\"wpb_wrapper\">\n\t\t\t\n\t\t\t<div class=\"vc_single_image-wrapper   vc_box_border_grey\"><img width=\"1364\" height=\"685\" src=\"https:\/\/www.cirkelbrug.nl\/wp-content\/uploads\/2015\/11\/B2.png\" class=\"vc_single_image-img attachment-full\" alt=\"\" loading=\"lazy\" srcset=\"https:\/\/www.cirkelbrug.nl\/wp-content\/uploads\/2015\/11\/B2.png 1364w, https:\/\/www.cirkelbrug.nl\/wp-content\/uploads\/2015\/11\/B2-420x211.png 420w, https:\/\/www.cirkelbrug.nl\/wp-content\/uploads\/2015\/11\/B2-744x374.png 744w, https:\/\/www.cirkelbrug.nl\/wp-content\/uploads\/2015\/11\/B2-1200x603.png 1200w\" sizes=\"(max-width: 1364px) 100vw, 1364px\" \/><\/div>\n\t\t<\/div> \n\t<\/div> \n\t<div class=\"wpb_text_column wpb_content_element \">\n\t\t<div class=\"wpb_wrapper\">\n\t\t\t<p>D\u00e6kket Cirkelbroen best\u00e5r af en cirkel med en fordybning.\u00a0 Ramperne ligner dem p\u00e5 en rundk\u00f8rsel.\u00a0 Afh\u00e6ngig af hvor fordybningen er placeret, er vejtrafik dirigeres over den venstre eller h\u00f8jre h\u00e5nd rampe.\u00a0 P\u00e5 grund af dette specielt formede overflade af Cirkelbroen, g\u00f8r det p\u00e5 et givet tidspunkt, kontakt med vejene p\u00e5 begge sider af vandet.<\/p>\n\n\t\t<\/div> \n\t<\/div> \n\t<div class=\"wpb_video_widget wpb_content_element\">\n\t\t<div class=\"wpb_wrapper\"><div class=\"wpb_video_wrapper\"><iframe title=\"Cirkelbrug - Leimuiden\" src=\"https:\/\/player.vimeo.com\/video\/144418750?dnt=1&amp;app_id=122963\" width=\"1200\" height=\"675\" frameborder=\"0\" allow=\"autoplay; fullscreen\" allowfullscreen><\/iframe><\/div>\n\t\t<\/div> \n\t<\/div> \n\t<div class=\"wpb_text_column wpb_content_element \">\n\t\t<div class=\"wpb_wrapper\">\n\t\t\t<p>Navigation g\u00f8r brug af den cirkul\u00e6re fordybning i bunken til at komme til den anden side.\u00a0 Forenklet sagt sejle et skib ind i midten af \u200b\u200bfordybningen, og cirklen drejes 180 grader.\u00a0 Skibet forts\u00e6tter med at k\u00f8re med n\u00e6sen i samme retning.\u00a0 N\u00e5r recessen angiver den modsatte retning, kan skibet forts\u00e6tte sin vej igen.<\/p>\n\n\t\t<\/div> \n\t<\/div> \n\t<div class=\"wpb_single_image wpb_content_element vc_align_left\">\n\t\t<div class=\"wpb_wrapper\">\n\t\t\t\n\t\t\t<a href=\"https:\/\/www.cirkelbrug.nl\/wp-content\/uploads\/2016\/01\/Cirkelbrug-Leimuiden-1-2000x1119-1200x671.png\" target=\"_blank\"><div class=\"vc_single_image-wrapper   vc_box_border_grey\"><img width=\"2000\" height=\"1119\" src=\"https:\/\/www.cirkelbrug.nl\/wp-content\/uploads\/2016\/01\/Cirkelbrug-Leimuiden-1-2000x1119.png\" class=\"vc_single_image-img attachment-full\" alt=\"\" loading=\"lazy\" srcset=\"https:\/\/www.cirkelbrug.nl\/wp-content\/uploads\/2016\/01\/Cirkelbrug-Leimuiden-1-2000x1119.png 2000w, https:\/\/www.cirkelbrug.nl\/wp-content\/uploads\/2016\/01\/Cirkelbrug-Leimuiden-1-2000x1119-420x235.png 420w, https:\/\/www.cirkelbrug.nl\/wp-content\/uploads\/2016\/01\/Cirkelbrug-Leimuiden-1-2000x1119-744x416.png 744w, https:\/\/www.cirkelbrug.nl\/wp-content\/uploads\/2016\/01\/Cirkelbrug-Leimuiden-1-2000x1119-1200x671.png 1200w\" sizes=\"(max-width: 2000px) 100vw, 2000px\" \/><\/div><\/a>\n\t\t<\/div> \n\t<\/div> \n\t<div class=\"wpb_text_column wpb_content_element \">\n\t\t<div class=\"wpb_wrapper\">\n\t\t\t<p>Ved at variere st\u00f8rrelsen af \u200b\u200bd\u00e6kket og fordybningen kan\u00a0Cirkelbroen bruges p\u00e5 vejene i alle former for vandre- og cykelstier gennem bil broer i byomr\u00e5der og videre op til de st\u00f8rste motorveje tv\u00e6rs floder og flodmunding.<\/p>\n\n\t\t<\/div> \n\t<\/div> \n\t\t<\/div> \n\t<\/div> \n<\/div>\t<div  class=\"vc_row wpb_row vc_row-fluid\">\n\t<div class=\"vc_col-sm-12 wpb_column vc_column_container \">\n\t\t<div class=\"wpb_wrapper\">\n\t\t\t\n\t<div class=\"wpb_text_column wpb_content_element \">\n\t\t<div class=\"wpb_wrapper\">\n\t\t\t<p><span style=\"color: #ffffff;\">Christianshavn &#8211; K\u00f8benhavn &#8211; Copenhagen &#8211; Denmark &#8211; Landmark &#8211; Islands Brygge &#8211; Danish &#8211; Kopenhagen &#8211; Denemarken<\/span><\/p>\n\n\t\t<\/div> \n\t<\/div> \n\t\t<\/div> \n\t<\/div> \n<\/div>\n","protected":false},"excerpt":{"rendered":"<div class=\"link-more\"><a href=\"https:\/\/www.cirkelbrug.nl\/index.php\/concept\/cirkelbroen-dansk\/\" class=\"more-link\">Lees verder<span class=\"screen-reader-text\"> &ldquo;Cirkelbroen &#8211; Dansk&rdquo;<\/span>&hellip;<\/a><\/div>\n","protected":false},"author":1,"featured_media":0,"parent":65,"menu_order":0,"comment_status":"closed","ping_status":"closed","template":"","meta":[],"yoast_head":"<!-- This site is optimized with the Yoast SEO plugin v18.0 - https:\/\/yoast.com\/wordpress\/plugins\/seo\/ -->\r\n<title>Cirkelbroen<\/title>\r\n<meta name=\"description\" content=\"Ved et genialt design en Cirkelbroen vejtrafikken giver mulighed for at altid komme til den anden side af en vand! Hvordan fungerer det pr\u00e6cist?\" \/>\r\n<meta name=\"robots\" content=\"index, follow, max-snippet:-1, max-image-preview:large, max-video-preview:-1\" \/>\r\n<link rel=\"canonical\" href=\"https:\/\/www.cirkelbrug.nl\/index.php\/concept\/cirkelbroen-dansk\/\" \/>\r\n<meta property=\"og:locale\" content=\"nl_NL\" \/>\r\n<meta property=\"og:type\" content=\"article\" \/>\r\n<meta property=\"og:title\" content=\"Cirkelbroen\" \/>\r\n<meta property=\"og:description\" content=\"Ved et genialt design en Cirkelbroen vejtrafikken giver mulighed for at altid komme til den anden side af en vand! Hvordan fungerer det pr\u00e6cist?\" \/>\r\n<meta property=\"og:url\" content=\"https:\/\/www.cirkelbrug.nl\/index.php\/concept\/cirkelbroen-dansk\/\" \/>\r\n<meta property=\"og:site_name\" content=\"Cirkelbrug\" \/>\r\n<meta property=\"article:publisher\" content=\"https:\/\/www.facebook.com\/Cirkelbrug-1725500551013581\/\" \/>\r\n<meta property=\"article:modified_time\" content=\"2016-04-04T14:37:12+00:00\" \/>\r\n<meta name=\"twitter:card\" content=\"summary\" \/>\r\n<meta name=\"twitter:label1\" content=\"Geschatte leestijd\" \/>\n\t<meta name=\"twitter:data1\" content=\"2 minuten\" \/>\r\n<script type=\"application\/ld+json\" class=\"yoast-schema-graph\">{\"@context\":\"https:\/\/schema.org\",\"@graph\":[{\"@type\":\"WebSite\",\"@id\":\"https:\/\/www.cirkelbrug.nl\/#website\",\"url\":\"https:\/\/www.cirkelbrug.nl\/\",\"name\":\"Cirkelbrug\",\"description\":\"Nooit meer stilstaan\",\"potentialAction\":[{\"@type\":\"SearchAction\",\"target\":{\"@type\":\"EntryPoint\",\"urlTemplate\":\"https:\/\/www.cirkelbrug.nl\/?s={search_term_string}\"},\"query-input\":\"required name=search_term_string\"}],\"inLanguage\":\"nl\"},{\"@type\":\"WebPage\",\"@id\":\"https:\/\/www.cirkelbrug.nl\/index.php\/concept\/cirkelbroen-dansk\/#webpage\",\"url\":\"https:\/\/www.cirkelbrug.nl\/index.php\/concept\/cirkelbroen-dansk\/\",\"name\":\"Cirkelbroen\",\"isPartOf\":{\"@id\":\"https:\/\/www.cirkelbrug.nl\/#website\"},\"datePublished\":\"2016-03-11T10:57:17+00:00\",\"dateModified\":\"2016-04-04T14:37:12+00:00\",\"description\":\"Ved et genialt design en Cirkelbroen vejtrafikken giver mulighed for at altid komme til den anden side af en vand! Hvordan fungerer det pr\u00e6cist?\",\"breadcrumb\":{\"@id\":\"https:\/\/www.cirkelbrug.nl\/index.php\/concept\/cirkelbroen-dansk\/#breadcrumb\"},\"inLanguage\":\"nl\",\"potentialAction\":[{\"@type\":\"ReadAction\",\"target\":[\"https:\/\/www.cirkelbrug.nl\/index.php\/concept\/cirkelbroen-dansk\/\"]}]},{\"@type\":\"BreadcrumbList\",\"@id\":\"https:\/\/www.cirkelbrug.nl\/index.php\/concept\/cirkelbroen-dansk\/#breadcrumb\",\"itemListElement\":[{\"@type\":\"ListItem\",\"position\":1,\"name\":\"Home\",\"item\":\"https:\/\/www.cirkelbrug.nl\/\"},{\"@type\":\"ListItem\",\"position\":2,\"name\":\"Concept\",\"item\":\"https:\/\/www.cirkelbrug.nl\/index.php\/concept\/\"},{\"@type\":\"ListItem\",\"position\":3,\"name\":\"Cirkelbroen &#8211; Dansk\"}]},{\"@type\":\"Person\",\"@id\":\"https:\/\/www.cirkelbrug.nl\/#\/schema\/person\/20ce977319e0c617f936d43b4023c1e4\",\"name\":\"sjoerdvanderhoorn\",\"image\":{\"@type\":\"ImageObject\",\"@id\":\"https:\/\/www.cirkelbrug.nl\/#personlogo\",\"inLanguage\":\"nl\",\"url\":\"https:\/\/secure.gravatar.com\/avatar\/a692248955d9de171394263cd22ce135?s=96&d=mm&r=g\",\"contentUrl\":\"https:\/\/secure.gravatar.com\/avatar\/a692248955d9de171394263cd22ce135?s=96&d=mm&r=g\",\"caption\":\"sjoerdvanderhoorn\"},\"url\":\"https:\/\/www.cirkelbrug.nl\/index.php\/author\/sjoerdvanderhoorn\/\"}]}<\/script>\r\n<!-- \/ Yoast SEO plugin. -->","yoast_head_json":{"title":"Cirkelbroen","description":"Ved et genialt design en Cirkelbroen vejtrafikken giver mulighed for at altid komme til den anden side af en vand! Hvordan fungerer det pr\u00e6cist?","robots":{"index":"index","follow":"follow","max-snippet":"max-snippet:-1","max-image-preview":"max-image-preview:large","max-video-preview":"max-video-preview:-1"},"canonical":"https:\/\/www.cirkelbrug.nl\/index.php\/concept\/cirkelbroen-dansk\/","og_locale":"nl_NL","og_type":"article","og_title":"Cirkelbroen","og_description":"Ved et genialt design en Cirkelbroen vejtrafikken giver mulighed for at altid komme til den anden side af en vand! Hvordan fungerer det pr\u00e6cist?","og_url":"https:\/\/www.cirkelbrug.nl\/index.php\/concept\/cirkelbroen-dansk\/","og_site_name":"Cirkelbrug","article_publisher":"https:\/\/www.facebook.com\/Cirkelbrug-1725500551013581\/","article_modified_time":"2016-04-04T14:37:12+00:00","twitter_card":"summary","twitter_misc":{"Geschatte leestijd":"2 minuten"},"schema":{"@context":"https:\/\/schema.org","@graph":[{"@type":"WebSite","@id":"https:\/\/www.cirkelbrug.nl\/#website","url":"https:\/\/www.cirkelbrug.nl\/","name":"Cirkelbrug","description":"Nooit meer stilstaan","potentialAction":[{"@type":"SearchAction","target":{"@type":"EntryPoint","urlTemplate":"https:\/\/www.cirkelbrug.nl\/?s={search_term_string}"},"query-input":"required name=search_term_string"}],"inLanguage":"nl"},{"@type":"WebPage","@id":"https:\/\/www.cirkelbrug.nl\/index.php\/concept\/cirkelbroen-dansk\/#webpage","url":"https:\/\/www.cirkelbrug.nl\/index.php\/concept\/cirkelbroen-dansk\/","name":"Cirkelbroen","isPartOf":{"@id":"https:\/\/www.cirkelbrug.nl\/#website"},"datePublished":"2016-03-11T10:57:17+00:00","dateModified":"2016-04-04T14:37:12+00:00","description":"Ved et genialt design en Cirkelbroen vejtrafikken giver mulighed for at altid komme til den anden side af en vand! Hvordan fungerer det pr\u00e6cist?","breadcrumb":{"@id":"https:\/\/www.cirkelbrug.nl\/index.php\/concept\/cirkelbroen-dansk\/#breadcrumb"},"inLanguage":"nl","potentialAction":[{"@type":"ReadAction","target":["https:\/\/www.cirkelbrug.nl\/index.php\/concept\/cirkelbroen-dansk\/"]}]},{"@type":"BreadcrumbList","@id":"https:\/\/www.cirkelbrug.nl\/index.php\/concept\/cirkelbroen-dansk\/#breadcrumb","itemListElement":[{"@type":"ListItem","position":1,"name":"Home","item":"https:\/\/www.cirkelbrug.nl\/"},{"@type":"ListItem","position":2,"name":"Concept","item":"https:\/\/www.cirkelbrug.nl\/index.php\/concept\/"},{"@type":"ListItem","position":3,"name":"Cirkelbroen &#8211; Dansk"}]},{"@type":"Person","@id":"https:\/\/www.cirkelbrug.nl\/#\/schema\/person\/20ce977319e0c617f936d43b4023c1e4","name":"sjoerdvanderhoorn","image":{"@type":"ImageObject","@id":"https:\/\/www.cirkelbrug.nl\/#personlogo","inLanguage":"nl","url":"https:\/\/secure.gravatar.com\/avatar\/a692248955d9de171394263cd22ce135?s=96&d=mm&r=g","contentUrl":"https:\/\/secure.gravatar.com\/avatar\/a692248955d9de171394263cd22ce135?s=96&d=mm&r=g","caption":"sjoerdvanderhoorn"},"url":"https:\/\/www.cirkelbrug.nl\/index.php\/author\/sjoerdvanderhoorn\/"}]}},"_links":{"self":[{"href":"https:\/\/www.cirkelbrug.nl\/index.php\/wp-json\/wp\/v2\/pages\/329"}],"collection":[{"href":"https:\/\/www.cirkelbrug.nl\/index.php\/wp-json\/wp\/v2\/pages"}],"about":[{"href":"https:\/\/www.cirkelbrug.nl\/index.php\/wp-json\/wp\/v2\/types\/page"}],"author":[{"embeddable":true,"href":"https:\/\/www.cirkelbrug.nl\/index.php\/wp-json\/wp\/v2\/users\/1"}],"replies":[{"embeddable":true,"href":"https:\/\/www.cirkelbrug.nl\/index.php\/wp-json\/wp\/v2\/comments?post=329"}],"version-history":[{"count":8,"href":"https:\/\/www.cirkelbrug.nl\/index.php\/wp-json\/wp\/v2\/pages\/329\/revisions"}],"predecessor-version":[{"id":350,"href":"https:\/\/www.cirkelbrug.nl\/index.php\/wp-json\/wp\/v2\/pages\/329\/revisions\/350"}],"up":[{"embeddable":true,"href":"https:\/\/www.cirkelbrug.nl\/index.php\/wp-json\/wp\/v2\/pages\/65"}],"wp:attachment":[{"href":"https:\/\/www.cirkelbrug.nl\/index.php\/wp-json\/wp\/v2\/media?parent=329"}],"curies":[{"name":"wp","href":"https:\/\/api.w.org\/{rel}","templated":true}]}}